{"id":140,"date":"2021-06-14T12:03:14","date_gmt":"2021-06-14T12:03:14","guid":{"rendered":"http:\/\/www.cbwac.com\/rhwyfo\/?page_id=140"},"modified":"2022-05-17T16:55:45","modified_gmt":"2022-05-17T16:55:45","slug":"dwr-y-bae","status":"publish","type":"page","link":"https:\/\/www.cbwac.com\/rhwyfo\/dwr-y-bae\/","title":{"rendered":"Diogelwch\/Ansawdd D\u0175r y Bae"},"content":{"rendered":"<p>Mae ansawdd y d\u0175r ym Mae Caerdydd yn amrywio o ddydd i ddydd. Caiff ei fonitro gan D\u00eem Amgylchedd Awdurdod Harbwr Caerdydd (CHA), sy&#8217;n darparu rhagfynegiad ansawdd dyddiol gan nodi a fydd yn cyrraedd y safon neu beidio.<\/p>\n<p><a class=\"button __booknow __orange\" href=\"\/app\/uploads\/sites\/2\/2022\/05\/Bay_Safety.pdf\" target=\"_blank\" rel=\"noopener noreferrer\"><span style=\"color: #ffffff;\">Taflen Diogelwch y Bae<\/span><\/a>\u00a0 \u00a0 \u00a0 \u00a0 \u00a0<a class=\"button __booknow __orange\" href=\"https:\/\/cardiffharbour.com\/water-quality-forecast\/\" target=\"_blank\" rel=\"noopener noreferrer\"><span style=\"color: #ffffff;\">Rhagolwg Ansawdd D\u0175r<\/span><\/a><\/p>\n<p>Ym mhob darn o dd\u0175r croyw agored yn y DU, mae risg o ddal amrywiaeth o heintiau a chlefydau, yn enwedig ymhlith pobl sydd ag ymateb imiwnolegol gwanach. Mae\u2019r mathau o heintiau sy\u2019n gyffredin yn cynnwys m\u00e2n anhwylderau gastroberfeddol; heintiau llygaid, clustiau a gwddw; teiffoid; dysentri; a hepatitis A heintus. Mae\u2019r risg yn codi\u2019n fawr wrth lyncu\u2019r d\u0175r.<\/p>\n<p><img loading=\"lazy\" decoding=\"async\" class=\"alignright size-medium wp-image-179\" src=\"http:\/\/www.cbwac.com\/\/app\/uploads\/sites\/3\/2021\/01\/water-quality-300x225.jpg\" alt=\"\" width=\"300\" height=\"225\" \/>Dyma un o\u2019r rhesymau na chaniateir chwaraeon d\u0175r sy\u2019n eich trochi, megis nofio, sg\u00efo d\u0175r a hwylfyrddio dim ond pan fo Awdurdod yr Harbwr yn awdurdodi hynny. Mae rhestr o\u2019r gweithgareddau d\u0175r a waherddir ar gael gan yr awdurdod.<\/p>\n<p>Er y gall imiwneiddio leihau\u2019r risg o ddal clefydau penodol, nid oes brechlyn ar gael ar gyfer rhai eraill, e.e. clefyd Weil (leptosbirosis). Nid yw clefyd Weil yn gyffredin ac mae\u2019r risg o\u2019i ddal yn isel, ond gall achosi salwch difrifol, neu hyd yn oed marwol.<\/p>\n<p><strong>Beth dylwn i ei wneud?<\/strong><br \/>\nOs nad ydych yn teimlo\u2019n dda ar \u00f4l dod i gysylltiad \u00e2 d\u0175r agored, dylech weld meddyg ar unwaith.<\/p>\n<p><strong>Beth gellir ei wneud i leihau\u2019r perygl?<br \/>\n<\/strong>Mae\u2019r perygl o gael salwch difrifol yn isel, ond trwy fod yn ofalus mae modd lleihau&#8217;r perygl ymhellach. Dylech orchuddio unrhyw doriad yn y croen \u00e2 gorchudd gwrth-dd\u0175r; gwisgo esgidiau pwrpasol i ddiogelu eich traed; osgoi llyncu d\u0175r; ac osgoi mynd o dan y d\u0175r yn ddiangen, yn enwedig eich pen. Os ydych wedi bod mewn cysylltiad \u00e2 d\u0175r y Bae, dylech ymolchi neu gael cawod ar \u00f4l hynny gan ddefnyddio sebon a d\u0175r croyw, yn enwedig cyn yfed a bwyta.<\/p>\n<p>I gael rhagor o wybodaeth am yr holl afiechydon posibl a gludir gan dd\u0175r, ewch i&#8217;r wefan ganlynol:\u00a0<a href=\"http:\/\/www.nhs.uk\/\">www.nhs.uk<\/a>.<\/p>\n","protected":false},"excerpt":{"rendered":"<p>Mae ansawdd y d\u0175r ym Mae Caerdydd yn amrywio o ddydd i ddydd. Caiff ei fonitro gan D\u00eem Amgylchedd Awdurdod Harbwr Caerdydd (CHA), sy&#8217;n darparu rhagfynegiad ansawdd dyddiol gan nodi a fydd yn cyrraedd y safon neu beidio. Taflen Diogelwch y Bae\u00a0 \u00a0 \u00a0 \u00a0 \u00a0Rhagolwg Ansawdd D\u0175r Ym mhob darn o dd\u0175r croyw agored [&hellip;]<\/p>\n","protected":false},"author":4,"featured_media":0,"parent":0,"menu_order":0,"comment_status":"closed","ping_status":"closed","template":"","meta":{"_acf_changed":false,"footnotes":""},"class_list":["post-140","page","type-page","status-publish","hentry"],"acf":[],"_links":{"self":[{"href":"https:\/\/www.cbwac.com\/rhwyfo\/wp-json\/wp\/v2\/pages\/140","targetHints":{"allow":["GET"]}}],"collection":[{"href":"https:\/\/www.cbwac.com\/rhwyfo\/wp-json\/wp\/v2\/pages"}],"about":[{"href":"https:\/\/www.cbwac.com\/rhwyfo\/wp-json\/wp\/v2\/types\/page"}],"author":[{"embeddable":true,"href":"https:\/\/www.cbwac.com\/rhwyfo\/wp-json\/wp\/v2\/users\/4"}],"replies":[{"embeddable":true,"href":"https:\/\/www.cbwac.com\/rhwyfo\/wp-json\/wp\/v2\/comments?post=140"}],"version-history":[{"count":3,"href":"https:\/\/www.cbwac.com\/rhwyfo\/wp-json\/wp\/v2\/pages\/140\/revisions"}],"predecessor-version":[{"id":236,"href":"https:\/\/www.cbwac.com\/rhwyfo\/wp-json\/wp\/v2\/pages\/140\/revisions\/236"}],"wp:attachment":[{"href":"https:\/\/www.cbwac.com\/rhwyfo\/wp-json\/wp\/v2\/media?parent=140"}],"curies":[{"name":"wp","href":"https:\/\/api.w.org\/{rel}","templated":true}]}}